{"id":107,"date":"2017-08-09T16:29:19","date_gmt":"2017-08-09T14:29:19","guid":{"rendered":"https:\/\/computerservice-schaumburg.de\/scc\/?page_id=107"},"modified":"2017-08-09T16:29:19","modified_gmt":"2017-08-09T14:29:19","slug":"haftungsausschluss","status":"publish","type":"page","link":"https:\/\/computerservice-schaumburg.de\/scc\/haftungsausschluss\/","title":{"rendered":"Haftungsausschluss"},"content":{"rendered":"<p><strong>Haftungsausschluss<\/strong><\/p>\n<p>F\u00fcr Sch\u00e4den jeglicher Art die aus der Verwendung der bereitgestellten Vorlagen entstehen, \u00fcbernimmt\u00a0 der Betreiber keine Haftung und keine Verantwortung. Die Verwendung der Vorlagen geschieht ohne Mitwirken des Betreibers und auf eigene Verantwortung des Nutzers.<br \/>\nDer Betreiber \u00fcbernimmt keine Haftung f\u00fcr Sch\u00e4den jeglicher Art, die die durch die Nutzung der Webseite und das Herunterladen der Vorlagen entstehen. Ebenfalls haftet er nicht f\u00fcr unmittelbare oder mittelbare Folgesch\u00e4den, Datenverlust, entgangenen Gewinn, System- oder Produktionsausf\u00e4lle.<br \/>\nAuch \u00fcbernimmt der Betreiber keine Haftung f\u00fcr finanzielle Sch\u00e4den, die zum Beispiel aus einer &#8222;Nicht-Anerkennung&#8220; einer Vorlage auf Seiten des Vertragspartners eines Nutzers entstehen.<br \/>\nDie Inhalte und die Vorlagen selbst stellen keine Rechtsberatung dar. Der Betreiber \u00fcbernimmt keine Verantwortung f\u00fcr Rechtskraft und rechtliche Zul\u00e4ssigkeit der Inhalte und Vorlagen. S\u00e4mtliche abrufbare Inhalte, Informationen, Erkl\u00e4rungen und Angebote des Betreibers sind unverbindlich. Der Betreiber \u00fcbernimmt keine Gew\u00e4hr f\u00fcr Richtigkeit und Vollst\u00e4ndigkeit der Inhalte. Es werden keine Garantien, Zusicherungen oder sonstige Rechtsanspr\u00fcche begr\u00fcndet.<br \/>\nDer Betreiber selbst hat keinen Einfluss auf die Inhalte der verlinkten Webseiten und Dokumente. Deshalb distanziert sich der Betreiber ausdr\u00fccklich von allen Inhalten aller gelinkten Webseiten und Dokumente.<\/p>\n<p>&nbsp;<\/p>\n","protected":false},"excerpt":{"rendered":"<p>Haftungsausschluss F\u00fcr Sch\u00e4den jeglicher Art die aus der Verwendung der bereitgestellten Vorlagen entstehen, \u00fcbernimmt\u00a0 der Betreiber keine Haftung und keine Verantwortung. Die Verwendung der Vorlagen geschieht ohne Mitwirken des Betreibers und auf eigene Verantwortung des Nutzers. Der Betreiber \u00fcbernimmt keine Haftung f\u00fcr Sch\u00e4den jeglicher Art, die die durch die Nutzung der Webseite und das Herunterladen [&hellip;]<\/p>\n","protected":false},"author":1,"featured_media":0,"parent":0,"menu_order":0,"comment_status":"closed","ping_status":"closed","template":"","meta":[],"_links":{"self":[{"href":"https:\/\/computerservice-schaumburg.de\/scc\/wp-json\/wp\/v2\/pages\/107"}],"collection":[{"href":"https:\/\/computerservice-schaumburg.de\/scc\/wp-json\/wp\/v2\/pages"}],"about":[{"href":"https:\/\/computerservice-schaumburg.de\/scc\/wp-json\/wp\/v2\/types\/page"}],"author":[{"embeddable":true,"href":"https:\/\/computerservice-schaumburg.de\/scc\/wp-json\/wp\/v2\/users\/1"}],"replies":[{"embeddable":true,"href":"https:\/\/computerservice-schaumburg.de\/scc\/wp-json\/wp\/v2\/comments?post=107"}],"version-history":[{"count":2,"href":"https:\/\/computerservice-schaumburg.de\/scc\/wp-json\/wp\/v2\/pages\/107\/revisions"}],"predecessor-version":[{"id":109,"href":"https:\/\/computerservice-schaumburg.de\/scc\/wp-json\/wp\/v2\/pages\/107\/revisions\/109"}],"wp:attachment":[{"href":"https:\/\/computerservice-schaumburg.de\/scc\/wp-json\/wp\/v2\/media?parent=107"}],"curies":[{"name":"wp","href":"https:\/\/api.w.org\/{rel}","templated":true}]}}