{"id":133,"date":"2017-08-29T15:27:11","date_gmt":"2017-08-29T13:27:11","guid":{"rendered":"https:\/\/computerservice-schaumburg.de\/scc\/?page_id=133"},"modified":"2017-08-29T15:57:14","modified_gmt":"2017-08-29T13:57:14","slug":"impressum","status":"publish","type":"page","link":"https:\/\/computerservice-schaumburg.de\/scc\/impressum\/","title":{"rendered":"Impressum"},"content":{"rendered":"<h2><strong>Impressum<\/strong><\/h2>\n<p><strong>Angaben gem\u00e4\u00df \u00a7 5 TMG:<\/strong><\/p>\n<p>David B\u00fcttner<br \/>\nR\u00f6serheide 4<br \/>\n31683 Obernkirchen<\/p>\n<p>Postadresse:<br \/>\nRintelner Str. 40<br \/>\n31683 Obernkirchen<\/p>\n<p>Kontakt:<br \/>\nTelefon: 05724 \/ 39 93 61<\/p>\n<p>E-Mail: scc-obk-2014@web.de<\/p>\n<p><strong>Verantwortlich f\u00fcr den Inhalt nach \u00a7 55 Abs. 2 RStV:<\/strong><\/p>\n<p>David B\u00fcttner<br \/>\nR\u00f6serheide 4<br \/>\n31683 Obernkirchen<\/p>\n<p>Helga Kiefert<br \/>\nTelefon 05751 \/ 9 93 68 22<\/p>\n<p>Robert Rammelsberg<br \/>\nTelefon 05724 \/ 39 93 61<\/p>\n<p>Horst Schmidt<br \/>\nTelefon 05724 \/ 9 05 44 67<\/p>\n<p>Wir sind nicht bereit oder verpflichtet, an Streitbeilegungsverfahren vor einer<br \/>\nVerbraucherschlichtungsstelle teilzunehmen.<\/p>\n<p><strong>Haftung f\u00fcr Inhalte<\/strong><\/p>\n<p>Als Diensteanbieter sind wir gem\u00e4\u00df \u00a7 7 Abs.1 TMG f\u00fcr eigene Inhalte auf diesen Seiten nach den<br \/>\nallgemeinen Gesetzen verantwortlich. Nach \u00a7\u00a7 8 bis 10 TMG sind wir als Diensteanbieter jedoch nicht<br \/>\nverpflichtet, \u00fcbermittelte oder gespeicherte fremde Informationen zu \u00fcberwachen oder nach Umst\u00e4nden zu forschen, die auf eine rechtswidrige T\u00e4tigkeit hinweisen.<\/p>\n<p>Verpflichtungen zur Entfernung oder Sperrung der Nutzung von Informationen nach den allgemeinen<br \/>\nGesetzen bleiben hiervon unber\u00fchrt. Eine diesbez\u00fcgliche Haftung ist jedoch erst ab dem Zeitpunkt der<br \/>\nKenntnis einer konkreten Rechtsverletzung m\u00f6glich. Bei Bekanntwerden von entsprechenden<br \/>\nRechtsverletzungen werden wir diese Inhalte umgehend entfernen.<\/p>\n<p><strong>Haftung f\u00fcr Links<\/strong><\/p>\n<p>Unser Angebot enth\u00e4lt Links zu externen Webseiten Dritter, auf deren Inhalte wir keinen Einfluss haben. Deshalb k\u00f6nnen wir f\u00fcr diese fremden Inhalte auch keine Gew\u00e4hr \u00fcbernehmen. F\u00fcr die Inhalte der verlinkten Seiten ist stets der jeweilige Anbieter oder Betreiber der Seiten verantwortlich. Die verlinkten Seiten wurden zum Zeitpunkt der Verlinkung auf m\u00f6gliche Rechtsverst\u00f6\u00dfe \u00fcberpr\u00fcft. Rechtswidrige Inhalte waren zum Zeitpunkt der Verlinkung nicht erkennbar.<br \/>\nEine permanente inhaltliche Kontrolle der verlinkten Seiten ist jedoch ohne konkrete Anhaltspunkte einer Rechtsverletzung nicht zumutbar. Bei Bekanntwerden von Rechtsverletzungen werden wir derartige Links umgehend entfernen.<\/p>\n<p><strong>Urheberrecht<\/strong><\/p>\n<p>Die durch die Seitenbetreiber erstellten Inhalte und Werke auf diesen Seiten unterliegen dem deutschen Urheberrecht. Die Vervielf\u00e4ltigung, Bearbeitung, Verbreitung und jede Art der Verwertung au\u00dferhalb der Grenzen des Urheberrechtes bed\u00fcrfen der schriftlichen Zustimmung des jeweiligen Autors bzw. Erstellers. Downloads und Kopien dieser Seite sind nur f\u00fcr den privaten, nicht kommerziellen Gebrauch gestattet.<br \/>\nSoweit die Inhalte auf dieser Seite nicht vom Betreiber erstellt wurden, werden die Urheberrechte Dritter beachtet. Insbesondere werden Inhalte Dritter als solche gekennzeichnet. Sollten Sie trotzdem auf eine Urheberrechtsverletzung aufmerksam werden, bitten wir um einen entsprechenden Hinweis. Bei Bekanntwerden von Rechtsverletzungen werden wir derartige Inhalte umgehend entfernen.<\/p>\n<p>Quelle: <a href=\"https:\/\/www.e-recht24.de\/impressum-generator.html\">https:\/\/www.e-recht24.de\/impressum-generator.html<\/a><\/p>\n","protected":false},"excerpt":{"rendered":"<p>Impressum Angaben gem\u00e4\u00df \u00a7 5 TMG: David B\u00fcttner R\u00f6serheide 4 31683 Obernkirchen Postadresse: Rintelner Str. 40 31683 Obernkirchen Kontakt: Telefon: 05724 \/ 39 93 61 E-Mail: scc-obk-2014@web.de Verantwortlich f\u00fcr den Inhalt nach \u00a7 55 Abs. 2 RStV: David B\u00fcttner R\u00f6serheide 4 31683 Obernkirchen Helga Kiefert Telefon 05751 \/ 9 93 68 22 Robert Rammelsberg Telefon [&hellip;]<\/p>\n","protected":false},"author":1,"featured_media":0,"parent":0,"menu_order":0,"comment_status":"closed","ping_status":"closed","template":"","meta":[],"_links":{"self":[{"href":"https:\/\/computerservice-schaumburg.de\/scc\/wp-json\/wp\/v2\/pages\/133"}],"collection":[{"href":"https:\/\/computerservice-schaumburg.de\/scc\/wp-json\/wp\/v2\/pages"}],"about":[{"href":"https:\/\/computerservice-schaumburg.de\/scc\/wp-json\/wp\/v2\/types\/page"}],"author":[{"embeddable":true,"href":"https:\/\/computerservice-schaumburg.de\/scc\/wp-json\/wp\/v2\/users\/1"}],"replies":[{"embeddable":true,"href":"https:\/\/computerservice-schaumburg.de\/scc\/wp-json\/wp\/v2\/comments?post=133"}],"version-history":[{"count":2,"href":"https:\/\/computerservice-schaumburg.de\/scc\/wp-json\/wp\/v2\/pages\/133\/revisions"}],"predecessor-version":[{"id":135,"href":"https:\/\/computerservice-schaumburg.de\/scc\/wp-json\/wp\/v2\/pages\/133\/revisions\/135"}],"wp:attachment":[{"href":"https:\/\/computerservice-schaumburg.de\/scc\/wp-json\/wp\/v2\/media?parent=133"}],"curies":[{"name":"wp","href":"https:\/\/api.w.org\/{rel}","templated":true}]}}