{"id":174,"date":"2017-12-27T18:39:06","date_gmt":"2017-12-27T17:39:06","guid":{"rendered":"https:\/\/computerservice-schaumburg.de\/scc\/?page_id=174"},"modified":"2017-12-27T18:39:06","modified_gmt":"2017-12-27T17:39:06","slug":"aktuell","status":"publish","type":"page","link":"https:\/\/computerservice-schaumburg.de\/scc\/aktuell\/","title":{"rendered":"Aktuell"},"content":{"rendered":"<h4>Freunde des SCC<\/h4>\n<p>Hiermit m\u00f6chten wir uns f\u00fcr das entgegengebrachte Vertrauen und die Geduld bei allen Mitgliedern des neu gegr\u00fcndeten\u00a0 <strong>S<\/strong>enioren<strong> C<\/strong>omputer <strong>C<\/strong>lubs bedanken! Es war ein schwieriger Start und da wir alles Ehrenamtlich machen, hat es entsprechend lange gedauert.<\/p>\n<p>Nachdem wir die Kurse &#8211; <strong>Beginner 1 &#8211; <\/strong>und &#8211; <strong>Offene Gruppe 1-<\/strong> er\u00f6ffnet haben und in die wohlverdienten Weihnachtsferien gegangen sind, m\u00f6chten wir auch im neuen Jahr wieder &#8222;durchstarten&#8220;. Die Grenzen zwischen &#8211; <strong>Beginner 1 &#8211; <\/strong>und &#8211; <strong>Offene Gruppe 1-<\/strong> sind flie\u00dfend&#8230;Es kann sein, dass in der Offenen Gruppe einige Mitglieder lieber in die Beginner Gruppe wechseln m\u00f6chten und umgekehrt. Da beide Gruppen schon voll belegt sind, kann nur ein Tausch 1:1 erfolgen. Leider k\u00f6nnen wir in n\u00e4chter Zeit aus personellen Gr\u00fcnden keine weiteren Gruppen \u00f6ffnen. Wir <em>versuchen<\/em> Jedem gerecht zu werden, sind aber kein Profis.<\/p>\n<p>Die Kurse sollen in der 2. Januar-Woche wieder fortgef\u00fchrt werden. Den genauen Stundenplan kann unter dem Men\u00fcpunkt <strong>Termine <\/strong>eingesehen werden. Kurzfristige \u00c4nderungen und wichtige Mitteilungen werden Zuk\u00fcnftig hier auf der Seite &#8211; <strong>Aktuell &#8211;<\/strong> chronologisch ver\u00f6ffentlicht. Diese Mitteilung wird Sp\u00e4ter in das Men\u00fc &#8211; Informationen verschoben, damit hier Platz f\u00fcr Aktuelles geschaffen wird.<br \/>\nIch w\u00fcnsche uns einen guten Start!<\/p>\n<p>Horst Schmidt<\/p>\n","protected":false},"excerpt":{"rendered":"<p>Freunde des SCC Hiermit m\u00f6chten wir uns f\u00fcr das entgegengebrachte Vertrauen und die Geduld bei allen Mitgliedern des neu gegr\u00fcndeten\u00a0 Senioren Computer Clubs bedanken! Es war ein schwieriger Start und da wir alles Ehrenamtlich machen, hat es entsprechend lange gedauert. Nachdem wir die Kurse &#8211; Beginner 1 &#8211; und &#8211; Offene Gruppe 1- er\u00f6ffnet haben [&hellip;]<\/p>\n","protected":false},"author":2,"featured_media":0,"parent":0,"menu_order":0,"comment_status":"closed","ping_status":"closed","template":"","meta":[],"_links":{"self":[{"href":"https:\/\/computerservice-schaumburg.de\/scc\/wp-json\/wp\/v2\/pages\/174"}],"collection":[{"href":"https:\/\/computerservice-schaumburg.de\/scc\/wp-json\/wp\/v2\/pages"}],"about":[{"href":"https:\/\/computerservice-schaumburg.de\/scc\/wp-json\/wp\/v2\/types\/page"}],"author":[{"embeddable":true,"href":"https:\/\/computerservice-schaumburg.de\/scc\/wp-json\/wp\/v2\/users\/2"}],"replies":[{"embeddable":true,"href":"https:\/\/computerservice-schaumburg.de\/scc\/wp-json\/wp\/v2\/comments?post=174"}],"version-history":[{"count":1,"href":"https:\/\/computerservice-schaumburg.de\/scc\/wp-json\/wp\/v2\/pages\/174\/revisions"}],"predecessor-version":[{"id":176,"href":"https:\/\/computerservice-schaumburg.de\/scc\/wp-json\/wp\/v2\/pages\/174\/revisions\/176"}],"wp:attachment":[{"href":"https:\/\/computerservice-schaumburg.de\/scc\/wp-json\/wp\/v2\/media?parent=174"}],"curies":[{"name":"wp","href":"https:\/\/api.w.org\/{rel}","templated":true}]}}