{"id":23,"date":"2017-03-14T18:25:53","date_gmt":"2017-03-14T17:25:53","guid":{"rendered":"https:\/\/computerservice-schaumburg.de\/scc\/?page_id=23"},"modified":"2017-10-23T18:35:54","modified_gmt":"2017-10-23T16:35:54","slug":"reglement-statuten","status":"publish","type":"page","link":"https:\/\/computerservice-schaumburg.de\/scc\/reglement-statuten\/","title":{"rendered":"Reglement \/ Statuten"},"content":{"rendered":"<p>&nbsp;<\/p>\n<p><strong>Pr\u00e4ambel<\/strong><\/p>\n<p>&nbsp;<\/p>\n<p>\u00c4ltere Menschen und Menschen mit Einschr\u00e4nkungen, die ein selbstbestimmtes Leben in den eigenen vier W\u00e4nden f\u00fchren wollen, sind immer h\u00e4ufiger auf neue Medien angewiesen. Die Nutzung computerbasierter Ger\u00e4te steht immer mehr im Zentrum des t\u00e4glichen Lebens eines jeden Einzelnen.<\/p>\n<p>&nbsp;<\/p>\n<p>Die meisten Personen, die sich f\u00fcr diese Angebote interessieren, sind nicht mit diesen neuen Ger\u00e4ten aufgewachsen. Hinzu kommt, dass Innovationen auf diesem Gebieten mit erheblicher Geschwindigkeit auch weiter umgesetzt werden.<\/p>\n<p>Dieser Personenkreis steht hier vor gr\u00f6\u00dferen Problemen, bei dem Hilfe und direkte Unterst\u00fctzung unbedingt erforderlich ist.<\/p>\n<p>&nbsp;<\/p>\n<p>Der SoVD-Ortsverband Obernkirchen entwickelt Ma\u00dfnahmen der F\u00fcrsorge f\u00fcr \u00e4ltere Menschen im Rahmen der Altenhilfe und Betreuung. Dies ist u.a. ein Beitrag zur Bew\u00e4ltigung des \u201eDemografischen Wandel der Gesellschaft\u201c.<\/p>\n<p>&nbsp;<\/p>\n<p>Dieses Angebot richtet sich an alle betroffenen Menschen in Obernkirchen und Umgebung. Die Mitgliedschaft im SoVD ist nicht Voraussetzung.<\/p>\n<p>&nbsp;<\/p>\n<p>&nbsp;<\/p>\n<p><strong>Folgende Regeln gelten f\u00fcr die Mitgliedschaft im Senioren Computer Club (SCC- Obernkirchen):<\/strong><\/p>\n<p>&nbsp;<\/p>\n<p>&nbsp;<\/p>\n<p><strong><strong>1. Vereinsname:<\/strong><\/strong><\/p>\n<p>Der Name der Computer-Interessengruppe (Club) lautet<br \/>\n\u201eSenioren Computer Club Obernkirchen \u2013 (SCC-Obernkirchen)\u201c<\/p>\n<p>&nbsp;<\/p>\n<p><strong><strong>2. Sitz des SCC-Obernkirchen:<\/strong><\/strong><\/p>\n<p>Der Sitz des \u201eSCC-Obernkirchen\u201c ist der Sitz des SoVD-Ortsverbandes Obernkirchen.<\/p>\n<p>&nbsp;<\/p>\n<p><strong>3. Mitgliedschaft<\/strong><\/p>\n<p>&nbsp;<\/p>\n<p>Senioren und Menschen mit Einschr\u00e4nkungen k\u00f6nnen Mitglied werden.<\/p>\n<p>&nbsp;<\/p>\n<p>Der Beitritt zum Club und die Mitgliedschaft im Club werden durch Vertrag mit den Unterschriften beider Vertragspartner besiegelt. Als Nachweis gilt der unterschriebene Mitgliedsantrag. Die Mitgliedschaft beginnt mit der Unterschrift auf dem Antrag. Nach Eingang des Antrages erh\u00e4lt jedes Mitglied eine Best\u00e4tigung einschlie\u00dflich der Mitgliedsnummer und die Statuten des Clubs.<\/p>\n<p>&nbsp;<\/p>\n<p>Mit der Unterschrift erkennt das Mitglied die Club-Statuten an.<\/p>\n<p>&nbsp;<\/p>\n<p>Die Mitgliedschaft endet:<\/p>\n<ol>\n<li>durch den Tod des Mitglieds<\/li>\n<li>nach Eingang der fristgerechten schriftlichen K\u00fcndigung beim Vorstand<\/li>\n<li>durch fristlose K\u00fcndigung des Club-Vorstandes (Eine fristlose K\u00fcndigung kann der Vorstand beschlie\u00dfen, wenn das Mitglied gegen die Statuten verst\u00f6\u00dft.).<\/li>\n<\/ol>\n<p>Die K\u00fcndigungsfrist betr\u00e4gt 1 Monat zum Quartalsende und erfolgt schriftlich gegen\u00fcber dem Vorstand.<\/p>\n<p>&nbsp;<\/p>\n<p>Bei Unterbrechung der Mitgliedschaft muss das Mitglied bei Wiedereintritt die dem Club entgangenen Beitr\u00e4ge nachzahlen.<\/p>\n<p>&nbsp;<\/p>\n<p>Das Mitglied erkl\u00e4rt bei Eintritt die Bereitschaft, den Club beispielsweise durch Moderation oder andere Leistungen (Sach- und Geldzuwendungen etc.) nach eigenem Ermessen zu unterst\u00fctzen.<\/p>\n<p>&nbsp;<\/p>\n<p><strong>4. Organisation und Satzung<\/strong><\/p>\n<p>&nbsp;<\/p>\n<ol>\n<li>Der SCC-Obernkirchen ist eine unselbst\u00e4ndige Abteilung des SoVD-Landesverbandes Niedersachsen e.V., hier des Ortsverbandes Obernkirchen.<\/li>\n<li>Der SCC-Obernkirchen hat einen \u201eGesch\u00e4ftsf\u00fchrenden Vorstand\u201c. Dieser setzt sich aus mindestens 3 Mitgliedern des SoVD-Ortsverbandes Obernkirchen zusammen.<br \/>\nDer Vorstand muss auch Mitglied im SCC-Obernkirchen sein.<br \/>\nEr wird durch den Vorstand des Ortsverbandes best\u00e4tigt.<\/li>\n<li>F\u00fcr den SCC-Obernkirchen gelten die Bestimmungen der Satzung und der Finanzordnung des SoVD-Landesverbandes in der jeweils g\u00fcltigen Fassung.<\/li>\n<li>Eine Kooperationen zu dem Thema \u201eModerne Medien\u201c mit anderen Vereinen und\/oder Institutionen aus Obernkirchen oder dem Landkreis Schaumburg ist angestrebt.<\/li>\n<\/ol>\n<p>&nbsp;<\/p>\n<p><strong>5. Club-Finanzen und Mitgliedsbeitr\u00e4ge<\/strong><\/p>\n<p>&nbsp;<\/p>\n<ol>\n<li>Die T\u00e4tigkeit des SCC wird als Zweckbetrieb im Sinne des<br \/>\n66 Abs. 1- 3 der Abgabenordnung gef\u00fchrt. Die Einnahmen und Ausgaben sind f\u00fcr die Aktivit\u00e4ten des SCC gesondert zu erfassen.<\/li>\n<li>Das Ergebnis des Zweckbetriebs wird j\u00e4hrlich in den Jahresabschluss des SoVD-Ortsverbands Obernkirchen \u00fcbernommen. Die Jahresabschl\u00fcsse sind von den Revisoren des Ortsverbandes zu pr\u00fcfen.<\/li>\n<li>Der SCC-Obernkirchen verwaltet seine Finanzen \u00fcber ein separates Konto des SoVD-Landesverbandes. Der SCC f\u00f6rdert mit seiner T\u00e4tigkeit die satzungsm\u00e4\u00dfigen Ziele des SoVD. Insbesondere erbringt der SCC Leistungen f\u00fcr den in \u00a7 53 AO genannten Personenkreis.<\/li>\n<li>Die Finanzierung erfolgt in erster Linie durch Mitgliedsbeitr\u00e4ge und Spenden.<\/li>\n<li>Die Mitgliedsbeitr\u00e4ge und Moderatorenentsch\u00e4digung betragen:<\/li>\n<\/ol>\n<ul>\n<li>f\u00fcr SoVD-Mitglieder \u20ac 7,00 pro Monat<\/li>\n<li>f\u00fcr Nicht-Mitglieder \u20ac 9,00 pro Monat<br \/>\n(Die Mitgliedsbeitr\u00e4ge dienen der Finanzierung von Ger\u00e4ten und Material sowie f\u00fcr Raummiete, Service etc.)<\/li>\n<li>f\u00fcr Trainer\/Moderatoren kann der Mitgliedsbeitrag ausgesetzt werden, weil die Trainer an der Klubstruktur und Ausarbeitung der Trainingsunterlagen ehrenamtlich mitarbeiten. Die Freistellung wird im Einzelfall durch den Vorstand beschlossen)<\/li>\n<li>Die Entsch\u00e4digung des Moderators wird je Trainingseinheit durch diesen selbst erhoben (erwartet wird \u20ac 1,- je Stunde und Teilnehmer). Bei speziellen Themen k\u00f6nnen nach Genehmigung durch den Vorstand auch h\u00f6here Pauschalen infrage kommen.<\/li>\n<li>Die Mitgliedsbeitr\u00e4ge werden durch das Mitglied \u00fcberwiesen.<\/li>\n<\/ul>\n<p>&nbsp;<\/p>\n<p>&nbsp;<\/p>\n<p><strong><strong>6. Arbeitsweise und Voraussetzung:<\/strong><\/strong><\/p>\n<p>Die grundlegende Philosophie der Arbeitsweise des SCC-SoVD Obernkirchen ist:<\/p>\n<p><strong>\u201eVermittlung von Kenntnissen, Training und Erfahrungsaustausch (ERFA) f\u00fcr Senioren und Menschen mit Einschr\u00e4nkung.\u201c<br \/>\n<\/strong><br \/>\nDie Mitglieder haben ein gemeinsames Interesse an modernen Medien, um diese sp\u00e4ter in ihrem t\u00e4glichen Leben nutzen zu k\u00f6nnen.<\/p>\n<ol>\n<li>Je nach Bedarf werden Lerngruppen aus 5-7 Teilnehmern gebildet, welche sich zu einem bestimmten Thema weiterbilden wollen.<\/li>\n<li>Hard- und Software werden nicht gestellt. Die Teilnehmer m\u00fcssen selbst \u00fcber WLAN-f\u00e4hige Hardware verf\u00fcgen.<\/li>\n<li>Bei der Auswahl von Hard- und Software kann unterst\u00fctzt werden.<\/li>\n<li>Die Teilnehmer sollten einen relativ vergleichbaren Wissensstand je Thema<\/li>\n<li>Der Wissensstand der Teilnehmer erfolgt anhand von Fragenkatalogen.<\/li>\n<li>F\u00fcr jedes Thema gibt es einen Lehrplan, an den sich die Moderatoren\/Trainer halten sollten. Die Dauer der jeweiligen Kurse ist festgelegt und basiert auf dem Wissenstand und den bisherigen Erfahrungen. Auf Wunsch der Gruppe und mit Einverst\u00e4ndnis des Moderators kann der jeweilige Kurs verl\u00e4ngert werden.<\/li>\n<li>Die Kurse werden von den Moderatoren bzw. der Clubleitung im Themenkatalog\/Themenangebot der Internetseite ausgeschrieben.<\/li>\n<li>Es wird eine Warteliste je Thema gef\u00fchrt. Bei ausreichender Zahl von Anmeldungen werden Trainingsgruppen gebildet. Die Trainingstermine werden gemeinsam abgesprochen.<\/li>\n<li>Das Training findet bis auf weiteres in dem vorhandenen Clubraum statt.<\/li>\n<\/ol>\n<p>&nbsp;<\/p>\n<p><strong><strong>7. Club-Interne Kommunikation:<\/strong><\/strong><\/p>\n<p>Die Kommunikation im Club erfolgt \u00fcber die Internetseite des SoVD- Ortsverbandes Obernkirchen: <a href=\"http:\/\/www.sovd-obernkirchen.de\">www.sovd-obernkirchen.de<\/a> <u>\u00e0<\/u><u> Neue Medien f\u00fcr\u00a0 Senioren <\/u><u>\u00e0<\/u><u> Senioren und Computer (Direkter Aufruf: <\/u><a href=\"https:\/\/computerservice-schaumburg.de\/scc\/\">https:\/\/computerservice-schaumburg.de\/scc\/<\/a><u>)<\/u>. Auf dieser Seite ist auch ein geschlossener Bereich angelegt, der nur von Mitgliedern besucht werden kann. Die Zugangsdaten zu diesem Bereich erh\u00e4lt jedes Mitglied bei Eintritt in den Club.<\/p>\n<p>&nbsp;<\/p>\n<p>&nbsp;<\/p>\n<p>In unterschiedlichen Abst\u00e4nden wird das Passwort ge\u00e4ndert und den Mitgliedern zur Kenntnis gebracht.<\/p>\n<p>Im geschlossenen Bereich, unserem Forum, kann jedes Mitglied seine Fragen in eine \u201eFragentafel\u201c einstellen. Die Beantwortung erfolgt dann w\u00e4hrend der angebotenen Termine zum Thema: \u201eallgemeine Fragen\u201c.<\/p>\n<p>Die Kommunikation unter den Clubmitgliedern funktioniert also in erster Linie \u00fcber das Internet oder \u00fcber Telefon. Es ist auch beabsichtigt, dass sich die Mitglieder zunehmend vor Ort (bei einem anfragenden Mitglied am h\u00e4uslichen Computer-Arbeitsplatz) durch praktische Anleitung gegenseitig unterst\u00fctzen. Hierzu wird die Software \u201eTeamviewer\u201c eingesetzt.<\/p>\n<p><strong>8. Clubtreffen:<br \/>\n<\/strong><br \/>\nClubtreffen findet regul\u00e4r mindestens einmal j\u00e4hrlich zusammen mit der Mitgliederversammlung des SoVD Ortsverband Obernkirchen statt. Der Vorstand legt den Termin fest und l\u00e4dt die Mitglieder ein. Dieses wird \u00fcber die Internetseite und per WhatsApp bzw. Telefon erfolgen.<\/p>\n<p>Bei jedem regul\u00e4ren Treffen wird durch den Schatzmeister des Ortsverbandes \u00fcber die finanzielle Lage des Clubs berichtet. Gleichzeitig wird \u00fcber die Vorhaben berichtet.<\/p>\n<p>Au\u00dferordentliche Clubtreffen k\u00f6nnen auf Wunsch von mindestens<br \/>\n10 Clubmitgliedern zu einem oder mehreren bestimmten Themen einberufen werden.<br \/>\nSozialverband Deutschland<\/p>\n<p>Ortsverband Obernkirchen<\/p>\n<p>&nbsp;<\/p>\n<p>Der Vorstand<\/p>\n<p style=\"text-align: left;\">gez. Robert Rammelsberg<\/p>\n<p style=\"text-align: right;\"><strong>Dokument des Ortsverbandes<\/strong><\/p>\n<p style=\"text-align: right;\"><strong>Revisionsstand: 06. Okt. 2017<\/strong><\/p>\n","protected":false},"excerpt":{"rendered":"<p>&nbsp; Pr\u00e4ambel &nbsp; \u00c4ltere Menschen und Menschen mit Einschr\u00e4nkungen, die ein selbstbestimmtes Leben in den eigenen vier W\u00e4nden f\u00fchren wollen, sind immer h\u00e4ufiger auf neue Medien angewiesen. Die Nutzung computerbasierter Ger\u00e4te steht immer mehr im Zentrum des t\u00e4glichen Lebens eines jeden Einzelnen. &nbsp; Die meisten Personen, die sich f\u00fcr diese Angebote interessieren, sind nicht mit [&hellip;]<\/p>\n","protected":false},"author":1,"featured_media":0,"parent":0,"menu_order":0,"comment_status":"closed","ping_status":"closed","template":"","meta":[],"_links":{"self":[{"href":"https:\/\/computerservice-schaumburg.de\/scc\/wp-json\/wp\/v2\/pages\/23"}],"collection":[{"href":"https:\/\/computerservice-schaumburg.de\/scc\/wp-json\/wp\/v2\/pages"}],"about":[{"href":"https:\/\/computerservice-schaumburg.de\/scc\/wp-json\/wp\/v2\/types\/page"}],"author":[{"embeddable":true,"href":"https:\/\/computerservice-schaumburg.de\/scc\/wp-json\/wp\/v2\/users\/1"}],"replies":[{"embeddable":true,"href":"https:\/\/computerservice-schaumburg.de\/scc\/wp-json\/wp\/v2\/comments?post=23"}],"version-history":[{"count":9,"href":"https:\/\/computerservice-schaumburg.de\/scc\/wp-json\/wp\/v2\/pages\/23\/revisions"}],"predecessor-version":[{"id":163,"href":"https:\/\/computerservice-schaumburg.de\/scc\/wp-json\/wp\/v2\/pages\/23\/revisions\/163"}],"wp:attachment":[{"href":"https:\/\/computerservice-schaumburg.de\/scc\/wp-json\/wp\/v2\/media?parent=23"}],"curies":[{"name":"wp","href":"https:\/\/api.w.org\/{rel}","templated":true}]}}